{"id":56,"date":"2018-03-03T04:23:15","date_gmt":"2018-03-03T04:23:15","guid":{"rendered":"http:\/\/www.sexshopofertas.com\/sexshop\/?page_id=56"},"modified":"2021-12-14T21:11:47","modified_gmt":"2021-12-15T02:11:47","slug":"como-comprar","status":"publish","type":"page","link":"https:\/\/sexshopofertas.com\/sexshop\/como-comprar\/","title":{"rendered":"Como Comprar"},"content":{"rendered":"<h3 class=\"page-header\">PROCESO DE COMPRA EN NUESTRO SEXSHOP<\/h3>\n<p>Para comprar en nuestro sexshop online lo primero de todo, usted debe de ser\u00a0<strong>mayor de edad.<\/strong><\/p>\n<p>Lo primero es navegar y seleccionar los productos que desee al carrito de compra.<\/p>\n<p>En el carrito de compra se le ira mostrando el precio que usted va a pagar, con el iva incluido y los gastos de envio tambien incluido.<\/p>\n<p>Una vez que desee realizar el pedido, usted debera ir al carrito.<\/p>\n<p>El proceso de pedido es muy rapido, y\u00a0<strong>todo en 1 solo p\u00e1so<\/strong>.<\/p>\n<p>Puede comprar creandose una cuenta, lo que le facilitara realizar pedidos la proxima vez ademas de obtener promociones \u00a0y ofertas, o si lo desea tambien puede comprar<strong>\u00a0sin necesidad de registrarse<\/strong>.<\/p>\n<p>Luego debera seleccionar las formas de pago:<\/p>\n<ul>\n<li>Transferencia Bancaria<\/li>\n<li>Contra entrega<\/li>\n<li>Tarjeta de Cr\u00e9dito.<\/li>\n<\/ul>\n<p>Para el pago con transferencia bancaria, una vez seleccionado se le mostraran los datos donde debe realizar la transferencia bancaria. Para procesar el pedido mas r\u00e1pidamente, puede enviarnos por correo una copia del justificante de ingreso.<\/p>\n<p>con el pago contra entrega, el envi\u00f3 se procesa autom\u00e1ticamente , aunque por los gastos de la agencia de transportes, tiene un peque\u00f1o suplemento, que se indicara en el momento de realizar el pedido.<\/p>\n<p>Con las dem\u00e1s formas de pago, usted sera redirigido a la plataforma correspondiente para realizar el pago.<\/p>\n<p>Una vez este el pago recibido, procederemos a empaquetar<strong>\u00a0discretamente su pedido<\/strong>\u00a0para enviarlo ese mismo d\u00eda si el pedido se ha realizado antes de las 14:00 H, o el d\u00eda siguiente si es despu\u00e9s, por lo que lo recibir\u00e1 aproximadamente en\u00a0<strong>24 o 48 horas.<\/strong><\/p>\n<p>No mostramos ning\u00fan distintivo ni en el envi\u00f3 ni remitente sobre la procedencia del envi\u00f3.<\/p>\n","protected":false},"excerpt":{"rendered":"<p>PROCESO DE COMPRA EN NUESTRO SEXSHOP Para comprar en nuestro sexshop online lo primero de todo, usted debe de ser\u00a0mayor de edad. Lo primero es navegar y seleccionar los productos que desee al carrito de compra. En el carrito de compra se le ira mostrando el precio que usted va a pagar, con el iva [&hellip;]<\/p>\n","protected":false},"author":1,"featured_media":0,"parent":0,"menu_order":0,"comment_status":"closed","ping_status":"closed","template":"","meta":[],"_links":{"self":[{"href":"https:\/\/sexshopofertas.com\/sexshop\/wp-json\/wp\/v2\/pages\/56"}],"collection":[{"href":"https:\/\/sexshopofertas.com\/sexshop\/wp-json\/wp\/v2\/pages"}],"about":[{"href":"https:\/\/sexshopofertas.com\/sexshop\/wp-json\/wp\/v2\/types\/page"}],"author":[{"embeddable":true,"href":"https:\/\/sexshopofertas.com\/sexshop\/wp-json\/wp\/v2\/users\/1"}],"replies":[{"embeddable":true,"href":"https:\/\/sexshopofertas.com\/sexshop\/wp-json\/wp\/v2\/comments?post=56"}],"version-history":[{"count":4,"href":"https:\/\/sexshopofertas.com\/sexshop\/wp-json\/wp\/v2\/pages\/56\/revisions"}],"predecessor-version":[{"id":1518,"href":"https:\/\/sexshopofertas.com\/sexshop\/wp-json\/wp\/v2\/pages\/56\/revisions\/1518"}],"wp:attachment":[{"href":"https:\/\/sexshopofertas.com\/sexshop\/wp-json\/wp\/v2\/media?parent=56"}],"curies":[{"name":"wp","href":"https:\/\/api.w.org\/{rel}","templated":true}]}}