{"id":60,"date":"2018-03-10T05:28:40","date_gmt":"2018-03-10T05:28:40","guid":{"rendered":"http:\/\/www.sexshopofertas.com\/sexshop\/?page_id=60"},"modified":"2021-12-14T21:11:06","modified_gmt":"2021-12-15T02:11:06","slug":"pagos-online","status":"publish","type":"page","link":"https:\/\/sexshopofertas.com\/sexshop\/pagos-online\/","title":{"rendered":"Pagos Online"},"content":{"rendered":"<p><strong>Ventajas de comprar en sex shop online :<\/strong><\/p>\n<ul>\n<li>Env\u00edos en 24 a 48 horas. (<strong>sex shop\u00a0Ofertas<\/strong>)<\/li>\n<li>Cat\u00e1logo con m\u00e1s de 15.000 productos y juguetes er\u00f3ticos en nuestro sex shop online.<\/li>\n<li>Todos los grandes fabricantes de juguetes er\u00f3ticos.<\/li>\n<\/ul>\n<ul>\n<li>Chat online: Consultas y atenci\u00f3n al cliente. Sex shop vibrafaccion siempre pensando en ti.<\/li>\n<li>Ofertas y descuentos promocionales, Cupones regalos.<\/li>\n<li>Actualizaci\u00f3n del cat\u00e1logo del\u00a0<strong>sex shop online<\/strong>\u00a0ofreciendo siempre las \u00faltimas novedades en juguetes y productos er\u00f3ticos.<\/li>\n<\/ul>\n","protected":false},"excerpt":{"rendered":"<p>Ventajas de comprar en sex shop online : Env\u00edos en 24 a 48 horas. (sex shop\u00a0Ofertas) Cat\u00e1logo con m\u00e1s de 15.000 productos y juguetes er\u00f3ticos en nuestro sex shop online. Todos los grandes fabricantes de juguetes er\u00f3ticos. Chat online: Consultas y atenci\u00f3n al cliente. Sex shop vibrafaccion siempre pensando en ti. Ofertas y descuentos promocionales, [&hellip;]<\/p>\n","protected":false},"author":1,"featured_media":0,"parent":0,"menu_order":0,"comment_status":"closed","ping_status":"closed","template":"","meta":[],"_links":{"self":[{"href":"https:\/\/sexshopofertas.com\/sexshop\/wp-json\/wp\/v2\/pages\/60"}],"collection":[{"href":"https:\/\/sexshopofertas.com\/sexshop\/wp-json\/wp\/v2\/pages"}],"about":[{"href":"https:\/\/sexshopofertas.com\/sexshop\/wp-json\/wp\/v2\/types\/page"}],"author":[{"embeddable":true,"href":"https:\/\/sexshopofertas.com\/sexshop\/wp-json\/wp\/v2\/users\/1"}],"replies":[{"embeddable":true,"href":"https:\/\/sexshopofertas.com\/sexshop\/wp-json\/wp\/v2\/comments?post=60"}],"version-history":[{"count":3,"href":"https:\/\/sexshopofertas.com\/sexshop\/wp-json\/wp\/v2\/pages\/60\/revisions"}],"predecessor-version":[{"id":1517,"href":"https:\/\/sexshopofertas.com\/sexshop\/wp-json\/wp\/v2\/pages\/60\/revisions\/1517"}],"wp:attachment":[{"href":"https:\/\/sexshopofertas.com\/sexshop\/wp-json\/wp\/v2\/media?parent=60"}],"curies":[{"name":"wp","href":"https:\/\/api.w.org\/{rel}","templated":true}]}}